{"id":1263,"date":"2025-07-22T16:02:57","date_gmt":"2025-07-22T16:02:57","guid":{"rendered":"https:\/\/mjetulain.com.ar\/?page_id=1263"},"modified":"2026-05-14T00:06:40","modified_gmt":"2026-05-14T03:06:40","slug":"estudio-juridico-de-comercio-exterior","status":"publish","type":"page","link":"https:\/\/mjetulain.com.ar\/en\/estudio-juridico-de-comercio-exterior\/","title":{"rendered":"WHO WE ARE"},"content":{"rendered":"<div class=\"wp-block-uagb-container uagb-block-3nf0b5kn alignfull uagb-is-root-container\"><div class=\"uagb-container-inner-blocks-wrap\">\n<div class=\"wp-block-uagb-advanced-heading uagb-block-e916b553\"><h1 class=\"uagb-heading-text\">Estudio Jur\u00eddico de Comercio Exterior y Derecho Aduanero en Argentina<\/h1><\/div>\n\n\n\n<p class=\"has-text-align-center has-ast-global-color-4-color has-text-color has-link-color has-medium-font-size wp-elements-7d749604f75212db779bc8e5332bc4f1\">M\u00e1s de 20 a\u00f1os asesorando empresas en derecho aduanero en Argentina, comercio exterior internacional y defensa antidumping.<\/p>\n<\/div><\/div>\n\n\n\n<p><\/p>\n\n\n\n<p>At <strong>MJE Comercio Exterior<\/strong> somos un <strong>estudio jur\u00eddico de comercio exterior<\/strong> con m\u00e1s de 20 a\u00f1os de experiencia en derecho aduanero en Argentina, comercio internacional y defensa comercial. Asesoramos empresas nacionales e internacionales en operaciones de importaci\u00f3n y exportaci\u00f3n, <a href=\"https:\/\/mjetulain.com.ar\/en\/derecho-aduanero\/\">procedimientos aduaneros<\/a>, <a href=\"https:\/\/mjetulain.com.ar\/en\/defensa-antidumping\/\">investigaciones antidumping<\/a> and <a href=\"https:\/\/mjetulain.com.ar\/en\/planificacion-comercio-exterior\/\">planificaci\u00f3n estrat\u00e9gica en comercio exterior.<\/a><\/p>\n\n\n\n<p>Nuestro estudio se especializa exclusivamente en derecho aduanero y <a href=\"https:\/\/mjetulain.com.ar\/en\/areas-practica-derecho-aduanero-comercio-exterior\/\">comercio exterior<\/a>, brindando soluciones legales preventivas, personalizadas y orientadas a reducir riesgos operativos y regulatorios. Trabajamos junto a importadores, exportadores, industrias y c\u00e1maras empresarias que necesitan respaldo t\u00e9cnico y estrat\u00e9gico en un contexto internacional cada vez m\u00e1s complejo.<\/p>\n\n\n\n<p>La experiencia acumulada en<a href=\"https:\/\/mjetulain.com.ar\/en\/que-es-el-dumping-guia-practica-y-evolucion-reciente-2020-2025\/\"> investigaciones antidumping<\/a>, reg\u00edmenes especiales, <a href=\"https:\/\/mjetulain.com.ar\/en\/ocde-omc-valoracion-aduanera-argentina\/\">normativa aduanera <\/a>y acuerdos internacionales nos permite ofrecer un servicio integral y altamente especializado. En MJE Comercio Exterior combinamos conocimiento t\u00e9cnico, atenci\u00f3n personalizada y actualizaci\u00f3n permanente para acompa\u00f1ar el crecimiento y la seguridad jur\u00eddica de nuestros clientes.<\/p>\n\n\n\n<div class=\"wp-block-uagb-container uagb-block-voy9igc5 alignfull uagb-is-root-container\"><div class=\"uagb-container-inner-blocks-wrap\">\n<div class=\"wp-block-uagb-info-box uagb-block-z5fkb85k uagb-infobox__content-wrap  uagb-infobox-icon-above-title uagb-infobox-image-valign-top wp-block-uagb-info-box--has-margin\"><div class=\"uagb-infobox-margin-wrapper\"><div class=\"uagb-ifb-content\"><div class=\"uagb-ifb-title-wrap\"><h2 class=\"uagb-ifb-title\"><strong>Mission \u2013 Vision \u2013 Values<\/strong><\/h2><\/div><p class=\"uagb-ifb-desc\">We believe that the pillars of professional excellence are founded on the values and goals of the people who make up our team.<\/p><\/div><\/div><\/div>\n\n\n\n<div class=\"wp-block-uagb-container uagb-block-zsfiderc\">\n<div class=\"wp-block-uagb-container uagb-block-2vnmaxlo\">\n<div class=\"wp-block-uagb-info-box uagb-block-mftbdkj8 uagb-infobox__content-wrap  uagb-infobox-icon-above-title uagb-infobox-image-valign-top\"><div class=\"uagb-ifb-content\"><div class=\"uagb-ifb-icon-wrap\"><svg xmlns=\"https:\/\/www.w3.org\/2000\/svg\" viewbox=\"0 0 640 512\"><path d=\"M0 383.9l64 .0404c17.75 0 32-14.29 32-32.03V128.3L0 128.3V383.9zM48 320.1c8.75 0 16 7.118 16 15.99c0 8.742-7.25 15.99-16 15.99S32 344.8 32 336.1C32 327.2 39.25 320.1 48 320.1zM348.8 64c-7.941 0-15.66 2.969-21.52 8.328L228.9 162.3C228.8 162.5 228.8 162.7 228.6 162.7C212 178.3 212.3 203.2 226.5 218.7c12.75 13.1 39.38 17.62 56.13 2.75C282.8 221.3 282.9 221.3 283 221.2l79.88-73.1c6.5-5.871 16.75-5.496 22.62 1c6 6.496 5.5 16.62-1 22.62l-26.12 23.87L504 313.7c2.875 2.496 5.5 4.996 7.875 7.742V127.1c-40.98-40.96-96.48-63.88-154.4-63.88L348.8 64zM334.6 217.4l-30 27.49c-29.75 27.11-75.25 24.49-101.8-4.371C176 211.2 178.1 165.7 207.3 138.9L289.1 64H282.5C224.7 64 169.1 87.08 128.2 127.9L128 351.8l18.25 .0369l90.5 81.82c27.5 22.37 67.75 18.12 90-9.246l18.12 15.24c15.88 12.1 39.38 10.5 52.38-5.371l31.38-38.6l5.374 4.498c13.75 11 33.88 9.002 45-4.748l9.538-11.78c11.12-13.75 9.036-33.78-4.694-44.93L334.6 217.4zM544 128.4v223.6c0 17.62 14.25 32.05 31.1 32.05L640 384V128.1L544 128.4zM592 352c-8.75 0-16-7.246-16-15.99c0-8.875 7.25-15.99 16-15.99S608 327.2 608 336.1C608 344.8 600.8 352 592 352z\"><\/path><\/svg><\/div><div class=\"uagb-ifb-title-wrap\"><h3 class=\"uagb-ifb-title\"><strong>Mission<\/strong><\/h3><\/div><p class=\"uagb-ifb-desc\">To deliver excellent results in foreign trade operations by providing legal, technical, and strategic solutions that bring predictability to imports, exports, and potential contingencies.<br>Nos enfocamos en construir relaciones colaborativas y de respeto mutuo con las autoridades aduaneras, promoviendo procedimientos \u00e1giles, sin demoras innecesarias ni tolerancia a abusos de autoridad.<\/p><\/div><\/div>\n<\/div>\n\n\n\n<div class=\"wp-block-uagb-container uagb-block-03u5qj6y\">\n<div class=\"wp-block-uagb-info-box uagb-block-bqd8ohtt uagb-infobox__content-wrap  uagb-infobox-icon-above-title uagb-infobox-image-valign-top\"><div class=\"uagb-ifb-content\"><div class=\"uagb-ifb-icon-wrap\"><svg xmlns=\"https:\/\/www.w3.org\/2000\/svg\" viewbox=\"0 0 512 512\"><path d=\"M352 256C352 278.2 350.8 299.6 348.7 320H163.3C161.2 299.6 159.1 278.2 159.1 256C159.1 233.8 161.2 212.4 163.3 192H348.7C350.8 212.4 352 233.8 352 256zM503.9 192C509.2 212.5 512 233.9 512 256C512 278.1 509.2 299.5 503.9 320H380.8C382.9 299.4 384 277.1 384 256C384 234 382.9 212.6 380.8 192H503.9zM493.4 160H376.7C366.7 96.14 346.9 42.62 321.4 8.442C399.8 29.09 463.4 85.94 493.4 160zM344.3 160H167.7C173.8 123.6 183.2 91.38 194.7 65.35C205.2 41.74 216.9 24.61 228.2 13.81C239.4 3.178 248.7 0 256 0C263.3 0 272.6 3.178 283.8 13.81C295.1 24.61 306.8 41.74 317.3 65.35C328.8 91.38 338.2 123.6 344.3 160H344.3zM18.61 160C48.59 85.94 112.2 29.09 190.6 8.442C165.1 42.62 145.3 96.14 135.3 160H18.61zM131.2 192C129.1 212.6 127.1 234 127.1 256C127.1 277.1 129.1 299.4 131.2 320H8.065C2.8 299.5 0 278.1 0 256C0 233.9 2.8 212.5 8.065 192H131.2zM194.7 446.6C183.2 420.6 173.8 388.4 167.7 352H344.3C338.2 388.4 328.8 420.6 317.3 446.6C306.8 470.3 295.1 487.4 283.8 498.2C272.6 508.8 263.3 512 255.1 512C248.7 512 239.4 508.8 228.2 498.2C216.9 487.4 205.2 470.3 194.7 446.6H194.7zM190.6 503.6C112.2 482.9 48.59 426.1 18.61 352H135.3C145.3 415.9 165.1 469.4 190.6 503.6V503.6zM321.4 503.6C346.9 469.4 366.7 415.9 376.7 352H493.4C463.4 426.1 399.8 482.9 321.4 503.6V503.6z\"><\/path><\/svg><\/div><div class=\"uagb-ifb-title-wrap\"><h3 class=\"uagb-ifb-title\"><strong>Vision<\/strong><\/h3><\/div><p class=\"uagb-ifb-desc\">We believe in international trade as a driver of economic development and peace among nations.<br>Legality and innovation are pillars of a dynamic, transparent, and efficient international trade system. We are committed to integrating technologies, smart processes, and solid legal frameworks that drive sustainable growth while respecting the cultural, productive, and regulatory specificities of each country.<\/p><\/div><\/div>\n<\/div>\n\n\n\n<div class=\"wp-block-uagb-container uagb-block-tmouxaqj\">\n<div class=\"wp-block-uagb-info-box uagb-block-8pqet8az uagb-infobox__content-wrap  uagb-infobox-icon-above-title uagb-infobox-image-valign-top\"><div class=\"uagb-ifb-content\"><div class=\"uagb-ifb-icon-wrap\"><svg xmlns=\"https:\/\/www.w3.org\/2000\/svg\" viewbox=\"0 0 512 512\"><path d=\"M243.4 2.587C251.4-.8625 260.6-.8625 268.6 2.587L492.6 98.59C506.6 104.6 514.4 119.6 511.3 134.4C508.3 149.3 495.2 159.1 479.1 160V168C479.1 181.3 469.3 192 455.1 192H55.1C42.74 192 31.1 181.3 31.1 168V160C16.81 159.1 3.708 149.3 .6528 134.4C-2.402 119.6 5.429 104.6 19.39 98.59L243.4 2.587zM256 128C273.7 128 288 113.7 288 96C288 78.33 273.7 64 256 64C238.3 64 224 78.33 224 96C224 113.7 238.3 128 256 128zM127.1 416H167.1V224H231.1V416H280V224H344V416H384V224H448V420.3C448.6 420.6 449.2 420.1 449.8 421.4L497.8 453.4C509.5 461.2 514.7 475.8 510.6 489.3C506.5 502.8 494.1 512 480 512H31.1C17.9 512 5.458 502.8 1.372 489.3C-2.715 475.8 2.515 461.2 14.25 453.4L62.25 421.4C62.82 420.1 63.41 420.6 63.1 420.3V224H127.1V416z\"><\/path><\/svg><\/div><div class=\"uagb-ifb-title-wrap\"><h3 class=\"uagb-ifb-title\"><strong>Values<\/strong><\/h3><\/div><p class=\"uagb-ifb-desc\"><strong>Professional Specialization<\/strong><br>We have a multidisciplinary team of specialized lawyers with backgrounds in foreign trade, business administration, and economics, providing high-level technical and strategic solutions.<br><strong>Integrity and Efficiency<\/strong><br>We work with commitment and a results-driven focus. Our goal is to achieve the best possible solution in the shortest time and with the greatest value for our clients.<br><strong>Training and Prevention<\/strong><br>We believe in the power of training as a prevention tool. We support our clients by training their teams to avoid contingencies, optimize processes, and strengthen their international operations.<\/p><\/div><\/div>\n<\/div>\n<\/div>\n<\/div><\/div>","protected":false},"excerpt":{"rendered":"<p>Estudio Jur\u00eddico de Comercio Exterior y Derecho Aduanero en Argentina M\u00e1s de 20 a\u00f1os asesorando empresas en derecho aduanero en [&hellip;]<\/p>\n","protected":false},"author":1,"featured_media":0,"parent":0,"menu_order":0,"comment_status":"closed","ping_status":"closed","template":"","meta":{"_uag_custom_page_level_css":"","site-sidebar-layout":"default","site-content-layout":"","ast-site-content-layout":"default","site-content-style":"default","site-sidebar-style":"default","ast-global-header-display":"","ast-banner-title-visibility":"","ast-main-header-display":"","ast-hfb-above-header-display":"","ast-hfb-below-header-display":"","ast-hfb-mobile-header-display":"","site-post-title":"disabled","ast-breadcrumbs-content":"","ast-featured-img":"","footer-sml-layout":"","ast-disable-related-posts":"","theme-transparent-header-meta":"","adv-header-id-meta":"","stick-header-meta":"","header-above-stick-meta":"","header-main-stick-meta":"","header-below-stick-meta":"","astra-migrate-meta-layouts":"default","ast-page-background-enabled":"default","ast-page-background-meta":{"desktop":{"background-color":"var(--ast-global-color-5)","background-image":"","background-repeat":"repeat","background-position":"center center","background-size":"auto","background-attachment":"scroll","background-type":"","background-media":"","overlay-type":"","overlay-color":"","overlay-opacity":"","overlay-gradient":""},"tablet":{"background-color":"","background-image":"","background-repeat":"repeat","background-position":"center center","background-size":"auto","background-attachment":"scroll","background-type":"","background-media":"","overlay-type":"","overlay-color":"","overlay-opacity":"","overlay-gradient":""},"mobile":{"background-color":"","background-image":"","background-repeat":"repeat","background-position":"center center","background-size":"auto","background-attachment":"scroll","background-type":"","background-media":"","overlay-type":"","overlay-color":"","overlay-opacity":"","overlay-gradient":""}},"ast-content-background-meta":{"desktop":{"background-color":"var(--ast-global-color-4)","background-image":"","background-repeat":"repeat","background-position":"center center","background-size":"auto","background-attachment":"scroll","background-type":"","background-media":"","overlay-type":"","overlay-color":"","overlay-opacity":"","overlay-gradient":""},"tablet":{"background-color":"var(--ast-global-color-4)","background-image":"","background-repeat":"repeat","background-position":"center center","background-size":"auto","background-attachment":"scroll","background-type":"","background-media":"","overlay-type":"","overlay-color":"","overlay-opacity":"","overlay-gradient":""},"mobile":{"background-color":"var(--ast-global-color-4)","background-image":"","background-repeat":"repeat","background-position":"center center","background-size":"auto","background-attachment":"scroll","background-type":"","background-media":"","overlay-type":"","overlay-color":"","overlay-opacity":"","overlay-gradient":""}},"footnotes":""},"class_list":["post-1263","page","type-page","status-publish","hentry"],"uagb_featured_image_src":{"full":false,"thumbnail":false,"medium":false,"medium_large":false,"large":false,"1536x1536":false,"2048x2048":false,"trp-custom-language-flag":false},"uagb_author_info":{"display_name":"Dra. Mar\u00eda Jos\u00e9 Etulain S\u00f3rensen","author_link":"https:\/\/mjetulain.com.ar\/en\/author\/mjeadmin\/"},"uagb_comment_info":0,"uagb_excerpt":"Estudio Jur\u00eddico de Comercio Exterior y Derecho Aduanero en Argentina M\u00e1s de 20 a\u00f1os asesorando empresas en derecho aduanero en [&hellip;]","_links":{"self":[{"href":"https:\/\/mjetulain.com.ar\/en\/wp-json\/wp\/v2\/pages\/1263","targetHints":{"allow":["GET"]}}],"collection":[{"href":"https:\/\/mjetulain.com.ar\/en\/wp-json\/wp\/v2\/pages"}],"about":[{"href":"https:\/\/mjetulain.com.ar\/en\/wp-json\/wp\/v2\/types\/page"}],"author":[{"embeddable":true,"href":"https:\/\/mjetulain.com.ar\/en\/wp-json\/wp\/v2\/users\/1"}],"replies":[{"embeddable":true,"href":"https:\/\/mjetulain.com.ar\/en\/wp-json\/wp\/v2\/comments?post=1263"}],"version-history":[{"count":23,"href":"https:\/\/mjetulain.com.ar\/en\/wp-json\/wp\/v2\/pages\/1263\/revisions"}],"predecessor-version":[{"id":2396,"href":"https:\/\/mjetulain.com.ar\/en\/wp-json\/wp\/v2\/pages\/1263\/revisions\/2396"}],"wp:attachment":[{"href":"https:\/\/mjetulain.com.ar\/en\/wp-json\/wp\/v2\/media?parent=1263"}],"curies":[{"name":"wp","href":"https:\/\/api.w.org\/{rel}","templated":true}]}}