{"id":1210,"date":"2025-07-22T12:44:42","date_gmt":"2025-07-22T12:44:42","guid":{"rendered":"https:\/\/mjetulain.com.ar\/?page_id=1210"},"modified":"2026-05-07T01:42:51","modified_gmt":"2026-05-07T01:42:51","slug":"enlaces-utiles","status":"publish","type":"page","link":"https:\/\/mjetulain.com.ar\/en\/enlaces-utiles\/","title":{"rendered":"USEFUL LINKS"},"content":{"rendered":"<div class=\"wp-block-uagb-container uagb-block-edikv7lr alignfull uagb-is-root-container\"><div class=\"uagb-container-inner-blocks-wrap\">\n<div class=\"wp-block-uagb-info-box uagb-block-fvkrzq7t uagb-infobox__content-wrap  uagb-infobox-icon-above-title uagb-infobox-image-valign-top\"><div class=\"uagb-ifb-content\"><div class=\"uagb-ifb-title-wrap\"><h1 class=\"uagb-ifb-title\">Useful Links<\/h1><\/div><\/div><\/div>\n<\/div><\/div>\n\n\n\n<div class=\"wp-block-uagb-container uagb-block-8rl0af58 alignfull uagb-is-root-container\"><div class=\"uagb-container-inner-blocks-wrap\">\n<div class=\"wp-block-uagb-info-box uagb-block-dsjp0h6o uagb-infobox__content-wrap  uagb-infobox-icon-above-title uagb-infobox-image-valign-top wp-block-uagb-info-box--has-margin\"><div class=\"uagb-infobox-margin-wrapper\"><div class=\"uagb-ifb-content\"><div class=\"uagb-ifb-title-wrap\"><\/div><p class=\"uagb-ifb-desc\">In this section, we gather key organizations, institutions, and tools to support your foreign trade activities. Quickly access official sources, business chambers, statistical agencies, and international organizations that offer updated information, relevant regulations, and opportunities for exporting and importing companies.<\/p><\/div><\/div><\/div>\n\n\n\n<div class=\"wp-block-uagb-container uagb-block-egohvcbv\">\n<div class=\"wp-block-uagb-container uagb-block-amntd8zm\">\n<div class=\"wp-block-uagb-info-box uagb-block-cmgknrar uagb-infobox__content-wrap  uagb-infobox-icon-above-title uagb-infobox-image-valign-top\"><div class=\"uagb-ifb-content\"><div class=\"uagb-ifb-title-wrap\"><h3 class=\"uagb-ifb-title\">\ud83c\udf0e <strong>International organizations<\/strong><\/h3><\/div><p class=\"uagb-ifb-desc\"><a>\ud83c\udf10 <\/a><a href=\"https:\/\/www.mercosur.int\/\" target=\"_blank\" rel=\"noopener\">Mercosur<\/a><br><a>\ud83c\udf10 <\/a><a href=\"https:\/\/www.aladi.org\/sitioaladi\/\" target=\"_blank\" rel=\"noopener\">Asociaci\u00f3n Latinoamericana de <\/a><a>Integraci\u00f3n (ALADI)<\/a><br><a>\ud83c\udf10 <\/a><a href=\"https:\/\/www.wto.org\/\" target=\"_blank\" rel=\"noopener\">Organizaci\u00f3n Mundial del Comercio (OMC)<\/a><br><a>\ud83c\udf10 <\/a><a href=\"https:\/\/www.imf.org\/en\/Home\" target=\"_blank\" rel=\"noopener\">Fondo Monetario Internacional (FMI)<\/a><\/p><\/div><\/div>\n<\/div>\n\n\n\n<div class=\"wp-block-uagb-container uagb-block-royisfht\">\n<div class=\"wp-block-uagb-info-box uagb-block-q5bus78p uagb-infobox__content-wrap  uagb-infobox-icon-above-title uagb-infobox-image-valign-top\"><div class=\"uagb-ifb-content\"><div class=\"uagb-ifb-title-wrap\"><h3 class=\"uagb-ifb-title\">National institutions<\/h3><\/div><p class=\"uagb-ifb-desc\"><a>\ud83c\udfdb\ufe0f <\/a><a href=\"https:\/\/www.argentina.gob.ar\/economia\" target=\"_blank\" rel=\"noopener\">Ministerio de Econom\u00eda de la Naci\u00f3n<\/a><br><a>\ud83c\udfdb\ufe0f <\/a><a href=\"https:\/\/www.bcra.gob.ar\/\" data-type=\"link\" data-id=\"https:\/\/www.bcra.gob.ar\/\" target=\"_blank\" rel=\"noopener\">Banco Central de la Rep\u00fablica Argentina (BCRA)<\/a><br><a>\ud83c\udfdb\ufe0f <\/a><a href=\"https:\/\/www.bna.com.ar\/Personas\" target=\"_blank\" rel=\"noopener\">Banco de la Naci\u00f3n Argentina (BNA)<\/a><br><a>\ud83c\udfdb\ufe0f <\/a><a href=\"https:\/\/www.argentina.gob.ar\/cnce\" target=\"_blank\" rel=\"noopener\">Comisi\u00f3n Nacional de Comercio Exterior (CNCE)<\/a><br><a>\ud83c\udfdb\ufe0f <\/a><a href=\"https:\/\/www.indec.gob.ar\/\" target=\"_blank\" rel=\"noopener\">Instituto Nacional de Estad\u00edstica y Censos (INDEC)<\/a><br><a>\ud83c\udfdb\ufe0f <\/a><a href=\"https:\/\/www.argentina.gob.ar\/inti\" target=\"_blank\" rel=\"noopener\">Instituto Nacional de Tecnolog\u00eda Industrial (INTI)<\/a><\/p><\/div><\/div>\n<\/div>\n\n\n\n<div class=\"wp-block-uagb-container uagb-block-4nq58zrl\">\n<div class=\"wp-block-uagb-info-box uagb-block-jkugswxz uagb-infobox__content-wrap  uagb-infobox-icon-above-title uagb-infobox-image-valign-top\"><div class=\"uagb-ifb-content\"><div class=\"uagb-ifb-title-wrap\"><h3 class=\"uagb-ifb-title\">\ud83c\udfe2 <strong>Business and trade chambers<\/strong><\/h3><\/div><p class=\"uagb-ifb-desc\"><a>\ud83c\udfe2 <\/a><a href=\"https:\/\/www.cera.org.ar\/\" target=\"_blank\" rel=\"noopener\">C\u00e1mara de Exportadores de la Rep\u00fablica Argentina (CERA)<\/a><br><a>\ud83c\udfe2 <\/a><a href=\"https:\/\/www.cira.org.ar\/es\/\" target=\"_blank\" rel=\"noopener\">C\u00e1mara de Importadores de la Rep\u00fablica Argentina (CIRA)<\/a><br><a>\ud83c\udfe2 <\/a><a href=\"https:\/\/www.uia.org.ar\/\" target=\"_blank\" rel=\"noopener\">Uni\u00f3n Industrial Argentina (UIA)<br><\/a><a>\ud83c\udfe2 <\/a><a href=\"https:\/\/www.cac.com.ar\/\" target=\"_blank\" rel=\"noopener\">C\u00e1mara Argentina de Comercio y Servicios (CAC)<\/a><\/p><\/div><\/div>\n<\/div>\n<\/div>\n<\/div><\/div>","protected":false},"excerpt":{"rendered":"","protected":false},"author":1,"featured_media":0,"parent":0,"menu_order":0,"comment_status":"closed","ping_status":"closed","template":"","meta":{"_uag_custom_page_level_css":"","site-sidebar-layout":"default","site-content-layout":"","ast-site-content-layout":"default","site-content-style":"default","site-sidebar-style":"default","ast-global-header-display":"","ast-banner-title-visibility":"","ast-main-header-display":"","ast-hfb-above-header-display":"","ast-hfb-below-header-display":"","ast-hfb-mobile-header-display":"","site-post-title":"disabled","ast-breadcrumbs-content":"","ast-featured-img":"","footer-sml-layout":"","ast-disable-related-posts":"","theme-transparent-header-meta":"","adv-header-id-meta":"","stick-header-meta":"","header-above-stick-meta":"","header-main-stick-meta":"","header-below-stick-meta":"","astra-migrate-meta-layouts":"default","ast-page-background-enabled":"default","ast-page-background-meta":{"desktop":{"background-color":"var(--ast-global-color-5)","background-image":"","background-repeat":"repeat","background-position":"center center","background-size":"auto","background-attachment":"scroll","background-type":"","background-media":"","overlay-type":"","overlay-color":"","overlay-opacity":"","overlay-gradient":""},"tablet":{"background-color":"","background-image":"","background-repeat":"repeat","background-position":"center center","background-size":"auto","background-attachment":"scroll","background-type":"","background-media":"","overlay-type":"","overlay-color":"","overlay-opacity":"","overlay-gradient":""},"mobile":{"background-color":"","background-image":"","background-repeat":"repeat","background-position":"center center","background-size":"auto","background-attachment":"scroll","background-type":"","background-media":"","overlay-type":"","overlay-color":"","overlay-opacity":"","overlay-gradient":""}},"ast-content-background-meta":{"desktop":{"background-color":"var(--ast-global-color-4)","background-image":"","background-repeat":"repeat","background-position":"center center","background-size":"auto","background-attachment":"scroll","background-type":"","background-media":"","overlay-type":"","overlay-color":"","overlay-opacity":"","overlay-gradient":""},"tablet":{"background-color":"var(--ast-global-color-4)","background-image":"","background-repeat":"repeat","background-position":"center center","background-size":"auto","background-attachment":"scroll","background-type":"","background-media":"","overlay-type":"","overlay-color":"","overlay-opacity":"","overlay-gradient":""},"mobile":{"background-color":"var(--ast-global-color-4)","background-image":"","background-repeat":"repeat","background-position":"center center","background-size":"auto","background-attachment":"scroll","background-type":"","background-media":"","overlay-type":"","overlay-color":"","overlay-opacity":"","overlay-gradient":""}},"footnotes":""},"class_list":["post-1210","page","type-page","status-publish","hentry"],"uagb_featured_image_src":{"full":false,"thumbnail":false,"medium":false,"medium_large":false,"large":false,"1536x1536":false,"2048x2048":false,"trp-custom-language-flag":false},"uagb_author_info":{"display_name":"Dra. Mar\u00eda Jos\u00e9 Etulain S\u00f3rensen","author_link":"https:\/\/mjetulain.com.ar\/en\/author\/mjeadmin\/"},"uagb_comment_info":0,"uagb_excerpt":null,"_links":{"self":[{"href":"https:\/\/mjetulain.com.ar\/en\/wp-json\/wp\/v2\/pages\/1210","targetHints":{"allow":["GET"]}}],"collection":[{"href":"https:\/\/mjetulain.com.ar\/en\/wp-json\/wp\/v2\/pages"}],"about":[{"href":"https:\/\/mjetulain.com.ar\/en\/wp-json\/wp\/v2\/types\/page"}],"author":[{"embeddable":true,"href":"https:\/\/mjetulain.com.ar\/en\/wp-json\/wp\/v2\/users\/1"}],"replies":[{"embeddable":true,"href":"https:\/\/mjetulain.com.ar\/en\/wp-json\/wp\/v2\/comments?post=1210"}],"version-history":[{"count":6,"href":"https:\/\/mjetulain.com.ar\/en\/wp-json\/wp\/v2\/pages\/1210\/revisions"}],"predecessor-version":[{"id":1629,"href":"https:\/\/mjetulain.com.ar\/en\/wp-json\/wp\/v2\/pages\/1210\/revisions\/1629"}],"wp:attachment":[{"href":"https:\/\/mjetulain.com.ar\/en\/wp-json\/wp\/v2\/media?parent=1210"}],"curies":[{"name":"wp","href":"https:\/\/api.w.org\/{rel}","templated":true}]}}